{"id":68,"date":"2020-12-30T11:12:07","date_gmt":"2020-12-30T10:12:07","guid":{"rendered":"https:\/\/bretxa.eus\/?page_id=68"},"modified":"2021-01-29T07:20:50","modified_gmt":"2021-01-29T06:20:50","slug":"historia","status":"publish","type":"page","link":"https:\/\/bretxa.eus\/es\/historia\/","title":{"rendered":"Historia"},"content":{"rendered":"<p>El nombre del Mercado tiene ra\u00edz en la historia de Donostia y se debe a las invasiones sufridas por la ciudad. En los inicios del siglo XVIII, la ciudad fue asaltada por las tropas del Duque de Berwik, en esta acci\u00f3n las tropas abren dos brechas en la muralla y cien a\u00f1os despu\u00e9s el 31 de agosto de 1813, los soldados anglo-portugueses toman la ciudad<br \/>\npor este mismo lugar, este es el motivo por el cual La Bretxa recibe este nombre.<\/p>\n<p><img loading=\"lazy\" class=\"aligncenter wp-image-73 size-full\" src=\"https:\/\/bretxa.eus\/wp-content\/uploads\/2020\/12\/Venta_de_pescado_en_el_mercado_de_la_Bretxa_2_de_2_-_Fondo_Marin-Kutxa_Fototeka.jpg\" alt=\"\" width=\"683\" height=\"1024\" srcset=\"https:\/\/bretxa.eus\/wp-content\/uploads\/2020\/12\/Venta_de_pescado_en_el_mercado_de_la_Bretxa_2_de_2_-_Fondo_Marin-Kutxa_Fototeka.jpg 683w, https:\/\/bretxa.eus\/wp-content\/uploads\/2020\/12\/Venta_de_pescado_en_el_mercado_de_la_Bretxa_2_de_2_-_Fondo_Marin-Kutxa_Fototeka-200x300.jpg 200w\" sizes=\"(max-width: 683px) 100vw, 683px\" \/><\/p>\n<p>M\u00e1s tarde se construy\u00f3 el Edificio de la Pescader\u00eda, que se alza en la parte posterior separado del edificio principal por una plaza en la que se ubicaban las caseras para vender sus productos.<\/p>\n","protected":false},"excerpt":{"rendered":"<p>El nombre del Mercado tiene ra\u00edz en la historia de Donostia y se debe a las invasiones sufridas por la ciudad. En los inicios del siglo XVIII, la ciudad fue asaltada por las tropas del Duque de Berwik, en esta acci\u00f3n las tropas abren dos brechas en la muralla y cien a\u00f1os despu\u00e9s el 31 [&hellip;]<\/p>\n","protected":false},"author":1,"featured_media":72,"parent":0,"menu_order":0,"comment_status":"closed","ping_status":"closed","template":"page-historia.php","meta":[],"_links":{"self":[{"href":"https:\/\/bretxa.eus\/es\/wp-json\/wp\/v2\/pages\/68"}],"collection":[{"href":"https:\/\/bretxa.eus\/es\/wp-json\/wp\/v2\/pages"}],"about":[{"href":"https:\/\/bretxa.eus\/es\/wp-json\/wp\/v2\/types\/page"}],"author":[{"embeddable":true,"href":"https:\/\/bretxa.eus\/es\/wp-json\/wp\/v2\/users\/1"}],"replies":[{"embeddable":true,"href":"https:\/\/bretxa.eus\/es\/wp-json\/wp\/v2\/comments?post=68"}],"version-history":[{"count":8,"href":"https:\/\/bretxa.eus\/es\/wp-json\/wp\/v2\/pages\/68\/revisions"}],"predecessor-version":[{"id":306,"href":"https:\/\/bretxa.eus\/es\/wp-json\/wp\/v2\/pages\/68\/revisions\/306"}],"wp:featuredmedia":[{"embeddable":true,"href":"https:\/\/bretxa.eus\/es\/wp-json\/wp\/v2\/media\/72"}],"wp:attachment":[{"href":"https:\/\/bretxa.eus\/es\/wp-json\/wp\/v2\/media?parent=68"}],"curies":[{"name":"wp","href":"https:\/\/api.w.org\/{rel}","templated":true}]}}